{"id":255,"date":"2025-07-07T19:15:49","date_gmt":"2025-07-07T19:15:49","guid":{"rendered":"https:\/\/wr.capital\/asesoramiento-juridico\/"},"modified":"2025-09-18T08:45:52","modified_gmt":"2025-09-18T08:45:52","slug":"asesoramiento-juridico","status":"publish","type":"page","link":"https:\/\/wr.capital\/es\/asesoramiento-juridico\/","title":{"rendered":"Asesoramiento jur\u00eddico"},"content":{"rendered":"\n<p><strong>Titular del sitio web<\/strong><br\/>En cumplimiento con el deber de informaci\u00f3n recogido en el art\u00edculo 10 de la Ley 34\/2002, de 11 de julio, de servicios de la sociedad de la informaci\u00f3n y del comercio electr\u00f3nico, se indican a continuaci\u00f3n los datos identificativos del titular de este sitio web:<\/p>\n\n<ul class=\"wp-block-list\">\n<li><strong>Nombre comercial<\/strong>: Wonder Rock Capital<\/li>\n\n\n\n<li><strong>Correo electr\u00f3nico<\/strong>: <a>info@wr.capital<\/a><\/li>\n\n\n\n<li><strong>Sitio web<\/strong>: <a href=\"http:\/\/www.wr.capital\">www.wr.capital<\/a><\/li>\n<\/ul>\n\n<p><strong>Condiciones de uso<\/strong><br\/>El acceso y uso de este sitio web atribuye la condici\u00f3n de usuario, lo que implica la aceptaci\u00f3n plena y sin reservas de todas las disposiciones incluidas en este Aviso Legal. Big Land se reserva el derecho a modificar en cualquier momento la presentaci\u00f3n, configuraci\u00f3n y contenido del sitio web, as\u00ed como las condiciones requeridas para su acceso o utilizaci\u00f3n.<\/p>\n\n<p><strong>Propiedad intelectual e industrial<\/strong><br\/>Todos los contenidos del sitio web, incluyendo textos, im\u00e1genes, dise\u00f1o gr\u00e1fico, c\u00f3digo fuente, logotipos, marcas, etc., son titularidad de Big Land o de terceros que han autorizado su uso, y est\u00e1n protegidos por la normativa vigente sobre propiedad intelectual e industrial.<\/p>\n\n<p><strong>Responsabilidad<\/strong><br\/>Big Land no se hace responsable del mal uso que se realice del contenido de esta web, siendo exclusiva responsabilidad del usuario que acceda o utilice dicha informaci\u00f3n. Tampoco se responsabiliza de los posibles errores de seguridad que se puedan producir ni de los da\u00f1os que puedan causarse al sistema inform\u00e1tico del usuario (hardware y software), como consecuencia de la presencia de virus o de fallos en el navegador.<\/p>\n\n<p><strong>Protecci\u00f3n de datos<\/strong><br\/>Big Land cumple con lo dispuesto en el Reglamento General de Protecci\u00f3n de Datos (RGPD) y dem\u00e1s normativa aplicable en materia de protecci\u00f3n de datos personales. Puedes consultar nuestra <strong><a href=\"https:\/\/wr.capital\/politica-privacidad\/\">Pol\u00edtica de privacidad<\/a><\/strong> para conocer en detalle c\u00f3mo tratamos tu informaci\u00f3n personal.<\/p>\n\n<p><strong>Legislaci\u00f3n aplicable<\/strong><br\/>La relaci\u00f3n entre Big Land y el usuario se regir\u00e1 por la normativa vigente en Espa\u00f1a. Para cualquier controversia que pudiera derivarse del acceso o uso del sitio web, ambas partes se someten expresamente a los Juzgados y Tribunales de Madrid.<\/p>\n","protected":false},"excerpt":{"rendered":"<p>Titular del sitio webEn cumplimiento con el deber de informaci\u00f3n recogido en el art\u00edculo 10 de la Ley 34\/2002, de 11 de julio, de servicios de la sociedad de la informaci\u00f3n y del comercio electr\u00f3nico, se indican a continuaci\u00f3n los datos identificativos del titular de este sitio web: Condiciones de usoEl acceso y uso de [&hellip;]<\/p>\n","protected":false},"author":3,"featured_media":0,"parent":0,"menu_order":0,"comment_status":"closed","ping_status":"closed","template":"","meta":{"footnotes":""},"class_list":["post-255","page","type-page","status-publish","hentry"],"yoast_head":"<!-- This site is optimized with the Yoast SEO plugin v25.9 - https:\/\/yoast.com\/wordpress\/plugins\/seo\/ -->\n<title>Asesoramiento jur\u00eddico - %<\/title>\n<meta name=\"robots\" content=\"index, follow, max-snippet:-1, max-image-preview:large, max-video-preview:-1\" \/>\n<link rel=\"canonical\" href=\"https:\/\/wr.capital\/es\/asesoramiento-juridico\/\" \/>\n<meta property=\"og:locale\" content=\"es_ES\" \/>\n<meta property=\"og:type\" content=\"article\" \/>\n<meta property=\"og:title\" content=\"Asesoramiento jur\u00eddico - %\" \/>\n<meta property=\"og:description\" content=\"Titular del sitio webEn cumplimiento con el deber de informaci\u00f3n recogido en el art\u00edculo 10 de la Ley 34\/2002, de 11 de julio, de servicios de la sociedad de la informaci\u00f3n y del comercio electr\u00f3nico, se indican a continuaci\u00f3n los datos identificativos del titular de este sitio web: Condiciones de usoEl acceso y uso de [&hellip;]\" \/>\n<meta property=\"og:url\" content=\"https:\/\/wr.capital\/es\/asesoramiento-juridico\/\" \/>\n<meta property=\"og:site_name\" content=\"Capital Wonder Rock\" \/>\n<meta property=\"article:modified_time\" content=\"2025-09-18T08:45:52+00:00\" \/>\n<meta name=\"twitter:card\" content=\"summary_large_image\" \/>\n<meta name=\"twitter:label1\" content=\"Tiempo de lectura\" \/>\n\t<meta name=\"twitter:data1\" content=\"2 minutos\" \/>\n<script type=\"application\/ld+json\" class=\"yoast-schema-graph\">{\"@context\":\"https:\/\/schema.org\",\"@graph\":[{\"@type\":\"WebPage\",\"@id\":\"https:\/\/wr.capital\/es\/asesoramiento-juridico\/\",\"url\":\"https:\/\/wr.capital\/es\/asesoramiento-juridico\/\",\"name\":\"Asesoramiento jur\u00eddico - %\",\"isPartOf\":{\"@id\":\"https:\/\/wr.capital\/#website\"},\"datePublished\":\"2025-07-07T19:15:49+00:00\",\"dateModified\":\"2025-09-18T08:45:52+00:00\",\"breadcrumb\":{\"@id\":\"https:\/\/wr.capital\/es\/asesoramiento-juridico\/#breadcrumb\"},\"inLanguage\":\"es\",\"potentialAction\":[{\"@type\":\"ReadAction\",\"target\":[\"https:\/\/wr.capital\/es\/asesoramiento-juridico\/\"]}]},{\"@type\":\"BreadcrumbList\",\"@id\":\"https:\/\/wr.capital\/es\/asesoramiento-juridico\/#breadcrumb\",\"itemListElement\":[{\"@type\":\"ListItem\",\"position\":1,\"name\":\"Portada\",\"item\":\"https:\/\/wr.capital\/es\/inicio\/\"},{\"@type\":\"ListItem\",\"position\":2,\"name\":\"Asesoramiento jur\u00eddico\"}]},{\"@type\":\"WebSite\",\"@id\":\"https:\/\/wr.capital\/#website\",\"url\":\"https:\/\/wr.capital\/\",\"name\":\"Wonder Rock Capital\",\"description\":\"Fondo de Inversi\u00f3n Inmobiliaria\",\"publisher\":{\"@id\":\"https:\/\/wr.capital\/#organization\"},\"potentialAction\":[{\"@type\":\"SearchAction\",\"target\":{\"@type\":\"EntryPoint\",\"urlTemplate\":\"https:\/\/wr.capital\/?s={search_term_string}\"},\"query-input\":{\"@type\":\"PropertyValueSpecification\",\"valueRequired\":true,\"valueName\":\"search_term_string\"}}],\"inLanguage\":\"es\"},{\"@type\":\"Organization\",\"@id\":\"https:\/\/wr.capital\/#organization\",\"name\":\"Capital Wonder Rock\",\"url\":\"https:\/\/wr.capital\/\",\"logo\":{\"@type\":\"ImageObject\",\"inLanguage\":\"es\",\"@id\":\"https:\/\/wr.capital\/#\/schema\/logo\/image\/\",\"url\":\"https:\/\/wr.capital\/wp-content\/uploads\/2025\/07\/WRcapital.png\",\"contentUrl\":\"https:\/\/wr.capital\/wp-content\/uploads\/2025\/07\/WRcapital.png\",\"width\":921,\"height\":68,\"caption\":\"Capital Wonder Rock\"},\"image\":{\"@id\":\"https:\/\/wr.capital\/#\/schema\/logo\/image\/\"}}]}<\/script>\n<!-- \/ Yoast SEO plugin. -->","yoast_head_json":{"title":"Asesoramiento jur\u00eddico - %","robots":{"index":"index","follow":"follow","max-snippet":"max-snippet:-1","max-image-preview":"max-image-preview:large","max-video-preview":"max-video-preview:-1"},"canonical":"https:\/\/wr.capital\/es\/asesoramiento-juridico\/","og_locale":"es_ES","og_type":"article","og_title":"Asesoramiento jur\u00eddico - %","og_description":"Titular del sitio webEn cumplimiento con el deber de informaci\u00f3n recogido en el art\u00edculo 10 de la Ley 34\/2002, de 11 de julio, de servicios de la sociedad de la informaci\u00f3n y del comercio electr\u00f3nico, se indican a continuaci\u00f3n los datos identificativos del titular de este sitio web: Condiciones de usoEl acceso y uso de [&hellip;]","og_url":"https:\/\/wr.capital\/es\/asesoramiento-juridico\/","og_site_name":"Capital Wonder Rock","article_modified_time":"2025-09-18T08:45:52+00:00","twitter_card":"summary_large_image","twitter_misc":{"Tiempo de lectura":"2 minutos"},"schema":{"@context":"https:\/\/schema.org","@graph":[{"@type":"WebPage","@id":"https:\/\/wr.capital\/es\/asesoramiento-juridico\/","url":"https:\/\/wr.capital\/es\/asesoramiento-juridico\/","name":"Asesoramiento jur\u00eddico - %","isPartOf":{"@id":"https:\/\/wr.capital\/#website"},"datePublished":"2025-07-07T19:15:49+00:00","dateModified":"2025-09-18T08:45:52+00:00","breadcrumb":{"@id":"https:\/\/wr.capital\/es\/asesoramiento-juridico\/#breadcrumb"},"inLanguage":"es","potentialAction":[{"@type":"ReadAction","target":["https:\/\/wr.capital\/es\/asesoramiento-juridico\/"]}]},{"@type":"BreadcrumbList","@id":"https:\/\/wr.capital\/es\/asesoramiento-juridico\/#breadcrumb","itemListElement":[{"@type":"ListItem","position":1,"name":"Portada","item":"https:\/\/wr.capital\/es\/inicio\/"},{"@type":"ListItem","position":2,"name":"Asesoramiento jur\u00eddico"}]},{"@type":"WebSite","@id":"https:\/\/wr.capital\/#website","url":"https:\/\/wr.capital\/","name":"Wonder Rock Capital","description":"Fondo de Inversi\u00f3n Inmobiliaria","publisher":{"@id":"https:\/\/wr.capital\/#organization"},"potentialAction":[{"@type":"SearchAction","target":{"@type":"EntryPoint","urlTemplate":"https:\/\/wr.capital\/?s={search_term_string}"},"query-input":{"@type":"PropertyValueSpecification","valueRequired":true,"valueName":"search_term_string"}}],"inLanguage":"es"},{"@type":"Organization","@id":"https:\/\/wr.capital\/#organization","name":"Capital Wonder Rock","url":"https:\/\/wr.capital\/","logo":{"@type":"ImageObject","inLanguage":"es","@id":"https:\/\/wr.capital\/#\/schema\/logo\/image\/","url":"https:\/\/wr.capital\/wp-content\/uploads\/2025\/07\/WRcapital.png","contentUrl":"https:\/\/wr.capital\/wp-content\/uploads\/2025\/07\/WRcapital.png","width":921,"height":68,"caption":"Capital Wonder Rock"},"image":{"@id":"https:\/\/wr.capital\/#\/schema\/logo\/image\/"}}]}},"_links":{"self":[{"href":"https:\/\/wr.capital\/es\/wp-json\/wp\/v2\/pages\/255","targetHints":{"allow":["GET"]}}],"collection":[{"href":"https:\/\/wr.capital\/es\/wp-json\/wp\/v2\/pages"}],"about":[{"href":"https:\/\/wr.capital\/es\/wp-json\/wp\/v2\/types\/page"}],"author":[{"embeddable":true,"href":"https:\/\/wr.capital\/es\/wp-json\/wp\/v2\/users\/3"}],"replies":[{"embeddable":true,"href":"https:\/\/wr.capital\/es\/wp-json\/wp\/v2\/comments?post=255"}],"version-history":[{"count":3,"href":"https:\/\/wr.capital\/es\/wp-json\/wp\/v2\/pages\/255\/revisions"}],"predecessor-version":[{"id":339,"href":"https:\/\/wr.capital\/es\/wp-json\/wp\/v2\/pages\/255\/revisions\/339"}],"wp:attachment":[{"href":"https:\/\/wr.capital\/es\/wp-json\/wp\/v2\/media?parent=255"}],"curies":[{"name":"wp","href":"https:\/\/api.w.org\/{rel}","templated":true}]}}