{"id":262,"date":"2025-07-01T09:54:15","date_gmt":"2025-07-01T09:54:15","guid":{"rendered":"https:\/\/wr.capital\/inicio\/"},"modified":"2025-07-24T07:24:24","modified_gmt":"2025-07-24T07:24:24","slug":"inicio","status":"publish","type":"page","link":"https:\/\/wr.capital\/es\/","title":{"rendered":"Inicio"},"content":{"rendered":"\t\t<div data-elementor-type=\"wp-page\" data-elementor-id=\"262\" class=\"elementor elementor-262 elementor-2\" data-elementor-post-type=\"page\">\n\t\t\t\t<div class=\"elementor-element elementor-element-72891841 e-flex e-con-boxed e-con e-parent\" data-id=\"72891841\" data-element_type=\"container\" data-settings=\"{&quot;background_background&quot;:&quot;classic&quot;}\">\n\t\t\t\t\t<div class=\"e-con-inner\">\n\t\t\t\t<div class=\"elementor-element elementor-element-a8938a3 elementor-widget elementor-widget-heading\" data-id=\"a8938a3\" data-element_type=\"widget\" data-widget_type=\"heading.default\">\n\t\t\t\t\t<h1 class=\"elementor-heading-title elementor-size-default\">La Inversi\u00f3n Inmobiliaria, Reimaginada.<\/h1>\t\t\t\t<\/div>\n\t\t\t\t<div class=\"elementor-element elementor-element-d3edec8 elementor-widget elementor-widget-heading\" data-id=\"d3edec8\" data-element_type=\"widget\" data-widget_type=\"heading.default\">\n\t\t\t\t\t<p class=\"elementor-heading-title elementor-size-default\">Participa en todo el proceso<\/p>\t\t\t\t<\/div>\n\t\t\t\t<div class=\"elementor-element elementor-element-9a36a93 elementor-widget elementor-widget-heading\" data-id=\"9a36a93\" data-element_type=\"widget\" data-widget_type=\"heading.default\">\n\t\t\t\t\t<p class=\"elementor-heading-title elementor-size-default\">- de la renovaci\u00f3n al retorno -<\/p>\t\t\t\t<\/div>\n\t\t\t\t<div class=\"elementor-element elementor-element-a0b61be elementor-align-center elementor-widget elementor-widget-button\" data-id=\"a0b61be\" data-element_type=\"widget\" data-widget_type=\"button.default\">\n\t\t\t\t\t\t\t\t\t\t<a class=\"elementor-button elementor-button-link elementor-size-sm\" href=\"https:\/\/wr.capital\/es\/ponte-en-contacto-con\/\">\n\t\t\t\t\t\t<span class=\"elementor-button-content-wrapper\">\n\t\t\t\t\t\t\t\t\t<span class=\"elementor-button-text\">\u00danete al C\u00edrculo de Inversi\u00f3n<\/span>\n\t\t\t\t\t<\/span>\n\t\t\t\t\t<\/a>\n\t\t\t\t\t\t\t\t<\/div>\n\t\t\t\t\t<\/div>\n\t\t\t\t<\/div>\n\t\t<div class=\"elementor-element elementor-element-68fb24e e-flex e-con-boxed e-con e-parent\" data-id=\"68fb24e\" data-element_type=\"container\">\n\t\t\t\t\t<div class=\"e-con-inner\">\n\t\t<div class=\"elementor-element elementor-element-79922d1 e-con-full e-flex e-con e-child\" data-id=\"79922d1\" data-element_type=\"container\">\n\t\t\t\t<div class=\"elementor-element elementor-element-8cf022b elementor-widget elementor-widget-heading\" data-id=\"8cf022b\" data-element_type=\"widget\" data-widget_type=\"heading.default\">\n\t\t\t\t\t<h2 class=\"elementor-heading-title elementor-size-default\">Qui\u00e9nes somos<\/h2>\t\t\t\t<\/div>\n\t\t\t\t<div class=\"elementor-element elementor-element-a50af4b elementor-widget elementor-widget-text-editor\" data-id=\"a50af4b\" data-element_type=\"widget\" data-widget_type=\"text-editor.default\">\n\t\t\t\t\t\t\t\t\t<p>El proyecto Wonder Rock Capital (W.R.C.) quiere compartir la experiencia de las inversiones inmobiliarias en sus 360 grados, haciendo part\u00edcipes a los inversores no s\u00f3lo de los beneficios econ\u00f3micos que hay detr\u00e1s, sino tambi\u00e9n de todas las fases del proceso, desde el estudio de una unidad para renovar hasta el final de la renovaci\u00f3n y la futura venta. Con ello, los inversores saben en todo momento d\u00f3nde y c\u00f3mo est\u00e1 funcionando su dinero.<\/p><p>Detr\u00e1s del proyecto estoy yo, Javier Vilarrubias Llopis, un entusiasta de la arquitectura, la construcci\u00f3n y los n\u00fameros, un combo que me ha llevado durante los \u00faltimos 10 a\u00f1os por reformas de viviendas, administraci\u00f3n de fincas y gesti\u00f3n de carteras de fondos de inversi\u00f3n inmobiliaria. Un bagaje de lecciones y errores que me ha llevado org\u00e1nicamente a basar las premisas de este proyecto en la proximidad, la transparencia y la accesibilidad.<\/p>\t\t\t\t\t\t\t\t<\/div>\n\t\t\t\t<\/div>\n\t\t<div class=\"elementor-element elementor-element-9cec32c e-con-full e-flex e-con e-child\" data-id=\"9cec32c\" data-element_type=\"container\" data-settings=\"{&quot;background_background&quot;:&quot;classic&quot;,&quot;motion_fx_motion_fx_scrolling&quot;:&quot;yes&quot;,&quot;motion_fx_translateY_effect&quot;:&quot;yes&quot;,&quot;motion_fx_translateY_speed&quot;:{&quot;unit&quot;:&quot;px&quot;,&quot;size&quot;:1,&quot;sizes&quot;:[]},&quot;motion_fx_translateY_affectedRange&quot;:{&quot;unit&quot;:&quot;%&quot;,&quot;size&quot;:&quot;&quot;,&quot;sizes&quot;:{&quot;start&quot;:0,&quot;end&quot;:100}},&quot;motion_fx_devices&quot;:[&quot;desktop&quot;,&quot;tablet&quot;,&quot;mobile&quot;]}\">\n\t\t\t\t<\/div>\n\t\t\t\t\t<\/div>\n\t\t\t\t<\/div>\n\t\t<div class=\"elementor-element elementor-element-e735d9e e-flex e-con-boxed e-con e-parent\" data-id=\"e735d9e\" data-element_type=\"container\" data-settings=\"{&quot;background_background&quot;:&quot;classic&quot;}\">\n\t\t\t\t\t<div class=\"e-con-inner\">\n\t\t<div class=\"elementor-element elementor-element-1a7b10b e-con-full e-flex e-con e-child\" data-id=\"1a7b10b\" data-element_type=\"container\">\n\t\t\t\t<div class=\"elementor-element elementor-element-62074d3 elementor-widget elementor-widget-heading\" data-id=\"62074d3\" data-element_type=\"widget\" data-widget_type=\"heading.default\">\n\t\t\t\t\t<h2 class=\"elementor-heading-title elementor-size-default\">\u00bfQu\u00e9 hacemos?<\/h2>\t\t\t\t<\/div>\n\t\t\t\t<div class=\"elementor-element elementor-element-c47b0f7 elementor-widget elementor-widget-text-editor\" data-id=\"c47b0f7\" data-element_type=\"widget\" data-widget_type=\"text-editor.default\">\n\t\t\t\t\t\t\t\t\tOfrecemos inversiones colectivas en operaciones inmobiliarias espec\u00edficas. Compramos casas en mal estado para darles una nueva vida, ya sea reform\u00e1ndolas y vendi\u00e9ndolas (\u00abflip to sell\u00bb) o reform\u00e1ndolas y poni\u00e9ndolas en alquiler temporal (\u00abflip to rent\u00bb).\t\t\t\t\t\t\t\t<\/div>\n\t\t\t\t<div class=\"elementor-element elementor-element-051cf88 elementor-widget elementor-widget-text-editor\" data-id=\"051cf88\" data-element_type=\"widget\" data-widget_type=\"text-editor.default\">\n\t\t\t\t\t\t\t\t\t<p>Todo ello a trav\u00e9s de una red de financiaci\u00f3n colectiva, adem\u00e1s de la participaci\u00f3n monetaria de Wonder Rock Capital en cada una de las operaciones, W.R.C. ejecutar\u00e1 el 100% de cada una de las operaciones, devolviendo la inversi\u00f3n m\u00e1s los beneficios una vez finalizada la operaci\u00f3n.<\/p>\t\t\t\t\t\t\t\t<\/div>\n\t\t\t\t<\/div>\n\t\t\t\t\t<\/div>\n\t\t\t\t<\/div>\n\t\t<div class=\"elementor-element elementor-element-7a1d659 e-flex e-con-boxed e-con e-parent\" data-id=\"7a1d659\" data-element_type=\"container\">\n\t\t\t\t\t<div class=\"e-con-inner\">\n\t\t<div class=\"elementor-element elementor-element-057e811 e-con-full e-flex e-con e-child\" data-id=\"057e811\" data-element_type=\"container\" data-settings=\"{&quot;background_background&quot;:&quot;classic&quot;}\">\n\t\t\t\t<\/div>\n\t\t<div class=\"elementor-element elementor-element-519cb93 e-con-full e-flex e-con e-child\" data-id=\"519cb93\" data-element_type=\"container\">\n\t\t\t\t<div class=\"elementor-element elementor-element-39966a2 elementor-widget elementor-widget-heading\" data-id=\"39966a2\" data-element_type=\"widget\" data-widget_type=\"heading.default\">\n\t\t\t\t\t<h2 class=\"elementor-heading-title elementor-size-default\">Idiosincrasia<\/h2>\t\t\t\t<\/div>\n\t\t\t\t<div class=\"elementor-element elementor-element-b0af15b elementor-widget elementor-widget-text-editor\" data-id=\"b0af15b\" data-element_type=\"widget\" data-widget_type=\"text-editor.default\">\n\t\t\t\t\t\t\t\t\t<p>W.R.C. No aspira a ser un t\u00edpico fondo de inversi\u00f3n inmobiliaria. Huimos de la opacidad operativa con el objetivo de ser transparentes, horizontales y estar al d\u00eda de los tiempos digitales en los que vivimos. Abrimos las puertas de las inversiones colectivas a los peque\u00f1os y medianos bolsillos, integrando al usuario en las inversiones realizadas para que se sienta parte del juego.<\/p>\t\t\t\t\t\t\t\t<\/div>\n\t\t\t\t<\/div>\n\t\t\t\t\t<\/div>\n\t\t\t\t<\/div>\n\t\t<div class=\"elementor-element elementor-element-8acf5a2 e-flex e-con-boxed e-con e-parent\" data-id=\"8acf5a2\" data-element_type=\"container\" data-settings=\"{&quot;background_background&quot;:&quot;classic&quot;}\">\n\t\t\t\t\t<div class=\"e-con-inner\">\n\t\t<div class=\"elementor-element elementor-element-cbcd5ce e-flex e-con-boxed e-con e-child\" data-id=\"cbcd5ce\" data-element_type=\"container\">\n\t\t\t\t\t<div class=\"e-con-inner\">\n\t\t\t\t<div class=\"elementor-element elementor-element-cc37251 elementor-widget elementor-widget-heading\" data-id=\"cc37251\" data-element_type=\"widget\" data-widget_type=\"heading.default\">\n\t\t\t\t\t<h2 class=\"elementor-heading-title elementor-size-default\">\u00bfQuieres formar parte?<\/h2>\t\t\t\t<\/div>\n\t\t\t\t<div class=\"elementor-element elementor-element-262f0e4 elementor-widget elementor-widget-text-editor\" data-id=\"262f0e4\" data-element_type=\"widget\" data-widget_type=\"text-editor.default\">\n\t\t\t\t\t\t\t\t\t<p class=\"p1\">Queremos que sea digital pero personalizando a cada uno de los usuarios y premiando la cercan\u00eda digital entre usuario y fondo.  <\/p>\t\t\t\t\t\t\t\t<\/div>\n\t\t\t\t<div class=\"elementor-element elementor-element-72cb031 elementor-widget elementor-widget-text-editor\" data-id=\"72cb031\" data-element_type=\"widget\" data-widget_type=\"text-editor.default\">\n\t\t\t\t\t\t\t\t\t<p>Para formar parte de los grupos de inversi\u00f3n, s\u00f3lo necesitaremos tu <strong>direcci\u00f3n de correo electr\u00f3nico<\/strong>; en ella recibir\u00e1s notificaciones de nuevas operaciones, actualizaciones sobre las participaciones y el estado de las operaciones en las que participas.<\/p>\t\t\t\t\t\t\t\t<\/div>\n\t\t\t\t<div class=\"elementor-element elementor-element-21abf03 elementor-align-center elementor-widget elementor-widget-button\" data-id=\"21abf03\" data-element_type=\"widget\" data-widget_type=\"button.default\">\n\t\t\t\t\t\t\t\t\t\t<a class=\"elementor-button elementor-button-link elementor-size-sm\" href=\"https:\/\/wr.capital\/es\/ponte-en-contacto-con\/\">\n\t\t\t\t\t\t<span class=\"elementor-button-content-wrapper\">\n\t\t\t\t\t\t\t\t\t<span class=\"elementor-button-text\">\u00danete al C\u00edrculo de Inversi\u00f3n<\/span>\n\t\t\t\t\t<\/span>\n\t\t\t\t\t<\/a>\n\t\t\t\t\t\t\t\t<\/div>\n\t\t\t\t\t<\/div>\n\t\t\t\t<\/div>\n\t\t\t\t\t<\/div>\n\t\t\t\t<\/div>\n\t\t\t\t<\/div>\n\t\t","protected":false},"excerpt":{"rendered":"<p>La Inversi\u00f3n Inmobiliaria, Reimaginada. Participa en todo el proceso - de la renovaci\u00f3n al retorno - \u00danete al C\u00edrculo de Inversi\u00f3n Qui\u00e9nes somos El proyecto Wonder Rock Capital (W.R.C.) quiere compartir la experiencia de las inversiones inmobiliarias en sus 360 grados, haciendo part\u00edcipes a los inversores no s\u00f3lo de los beneficios econ\u00f3micos que hay detr\u00e1s, [&hellip;]<\/p>\n","protected":false},"author":3,"featured_media":0,"parent":0,"menu_order":0,"comment_status":"closed","ping_status":"closed","template":"elementor_header_footer","meta":{"footnotes":""},"class_list":["post-262","page","type-page","status-publish","hentry"],"yoast_head":"<!-- This site is optimized with the Yoast SEO plugin v25.9 - https:\/\/yoast.com\/wordpress\/plugins\/seo\/ -->\n<title>Inicio - %<\/title>\n<meta name=\"robots\" content=\"index, follow, max-snippet:-1, max-image-preview:large, max-video-preview:-1\" \/>\n<link rel=\"canonical\" href=\"https:\/\/wr.capital\/es\/inicio\/\" \/>\n<meta property=\"og:locale\" content=\"es_ES\" \/>\n<meta property=\"og:type\" content=\"article\" \/>\n<meta property=\"og:title\" content=\"Inicio - %\" \/>\n<meta property=\"og:description\" content=\"La Inversi\u00f3n Inmobiliaria, Reimaginada. Participa en todo el proceso - de la renovaci\u00f3n al retorno - \u00danete al C\u00edrculo de Inversi\u00f3n Qui\u00e9nes somos El proyecto Wonder Rock Capital (W.R.C.) quiere compartir la experiencia de las inversiones inmobiliarias en sus 360 grados, haciendo part\u00edcipes a los inversores no s\u00f3lo de los beneficios econ\u00f3micos que hay detr\u00e1s, [&hellip;]\" \/>\n<meta property=\"og:url\" content=\"https:\/\/wr.capital\/es\/inicio\/\" \/>\n<meta property=\"og:site_name\" content=\"Capital Wonder Rock\" \/>\n<meta property=\"article:modified_time\" content=\"2025-07-24T07:24:24+00:00\" \/>\n<meta name=\"twitter:card\" content=\"summary_large_image\" \/>\n<meta name=\"twitter:label1\" content=\"Tiempo de lectura\" \/>\n\t<meta name=\"twitter:data1\" content=\"2 minutos\" \/>\n<script type=\"application\/ld+json\" class=\"yoast-schema-graph\">{\"@context\":\"https:\/\/schema.org\",\"@graph\":[{\"@type\":\"WebPage\",\"@id\":\"https:\/\/wr.capital\/es\/inicio\/\",\"url\":\"https:\/\/wr.capital\/es\/inicio\/\",\"name\":\"Inicio - %\",\"isPartOf\":{\"@id\":\"https:\/\/wr.capital\/#website\"},\"datePublished\":\"2025-07-01T09:54:15+00:00\",\"dateModified\":\"2025-07-24T07:24:24+00:00\",\"breadcrumb\":{\"@id\":\"https:\/\/wr.capital\/es\/inicio\/#breadcrumb\"},\"inLanguage\":\"es\",\"potentialAction\":[{\"@type\":\"ReadAction\",\"target\":[\"https:\/\/wr.capital\/es\/inicio\/\"]}]},{\"@type\":\"BreadcrumbList\",\"@id\":\"https:\/\/wr.capital\/es\/inicio\/#breadcrumb\",\"itemListElement\":[{\"@type\":\"ListItem\",\"position\":1,\"name\":\"Portada\",\"item\":\"https:\/\/wr.capital\/es\/inicio\/\"},{\"@type\":\"ListItem\",\"position\":2,\"name\":\"Inicio\"}]},{\"@type\":\"WebSite\",\"@id\":\"https:\/\/wr.capital\/#website\",\"url\":\"https:\/\/wr.capital\/\",\"name\":\"Wonder Rock Capital\",\"description\":\"Fondo de Inversi\u00f3n Inmobiliaria\",\"publisher\":{\"@id\":\"https:\/\/wr.capital\/#organization\"},\"potentialAction\":[{\"@type\":\"SearchAction\",\"target\":{\"@type\":\"EntryPoint\",\"urlTemplate\":\"https:\/\/wr.capital\/?s={search_term_string}\"},\"query-input\":{\"@type\":\"PropertyValueSpecification\",\"valueRequired\":true,\"valueName\":\"search_term_string\"}}],\"inLanguage\":\"es\"},{\"@type\":\"Organization\",\"@id\":\"https:\/\/wr.capital\/#organization\",\"name\":\"Capital Wonder Rock\",\"url\":\"https:\/\/wr.capital\/\",\"logo\":{\"@type\":\"ImageObject\",\"inLanguage\":\"es\",\"@id\":\"https:\/\/wr.capital\/#\/schema\/logo\/image\/\",\"url\":\"https:\/\/wr.capital\/wp-content\/uploads\/2025\/07\/WRcapital.png\",\"contentUrl\":\"https:\/\/wr.capital\/wp-content\/uploads\/2025\/07\/WRcapital.png\",\"width\":921,\"height\":68,\"caption\":\"Capital Wonder Rock\"},\"image\":{\"@id\":\"https:\/\/wr.capital\/#\/schema\/logo\/image\/\"}}]}<\/script>\n<!-- \/ Yoast SEO plugin. -->","yoast_head_json":{"title":"Inicio - %","robots":{"index":"index","follow":"follow","max-snippet":"max-snippet:-1","max-image-preview":"max-image-preview:large","max-video-preview":"max-video-preview:-1"},"canonical":"https:\/\/wr.capital\/es\/inicio\/","og_locale":"es_ES","og_type":"article","og_title":"Inicio - %","og_description":"La Inversi\u00f3n Inmobiliaria, Reimaginada. Participa en todo el proceso - de la renovaci\u00f3n al retorno - \u00danete al C\u00edrculo de Inversi\u00f3n Qui\u00e9nes somos El proyecto Wonder Rock Capital (W.R.C.) quiere compartir la experiencia de las inversiones inmobiliarias en sus 360 grados, haciendo part\u00edcipes a los inversores no s\u00f3lo de los beneficios econ\u00f3micos que hay detr\u00e1s, [&hellip;]","og_url":"https:\/\/wr.capital\/es\/inicio\/","og_site_name":"Capital Wonder Rock","article_modified_time":"2025-07-24T07:24:24+00:00","twitter_card":"summary_large_image","twitter_misc":{"Tiempo de lectura":"2 minutos"},"schema":{"@context":"https:\/\/schema.org","@graph":[{"@type":"WebPage","@id":"https:\/\/wr.capital\/es\/inicio\/","url":"https:\/\/wr.capital\/es\/inicio\/","name":"Inicio - %","isPartOf":{"@id":"https:\/\/wr.capital\/#website"},"datePublished":"2025-07-01T09:54:15+00:00","dateModified":"2025-07-24T07:24:24+00:00","breadcrumb":{"@id":"https:\/\/wr.capital\/es\/inicio\/#breadcrumb"},"inLanguage":"es","potentialAction":[{"@type":"ReadAction","target":["https:\/\/wr.capital\/es\/inicio\/"]}]},{"@type":"BreadcrumbList","@id":"https:\/\/wr.capital\/es\/inicio\/#breadcrumb","itemListElement":[{"@type":"ListItem","position":1,"name":"Portada","item":"https:\/\/wr.capital\/es\/inicio\/"},{"@type":"ListItem","position":2,"name":"Inicio"}]},{"@type":"WebSite","@id":"https:\/\/wr.capital\/#website","url":"https:\/\/wr.capital\/","name":"Wonder Rock Capital","description":"Fondo de Inversi\u00f3n Inmobiliaria","publisher":{"@id":"https:\/\/wr.capital\/#organization"},"potentialAction":[{"@type":"SearchAction","target":{"@type":"EntryPoint","urlTemplate":"https:\/\/wr.capital\/?s={search_term_string}"},"query-input":{"@type":"PropertyValueSpecification","valueRequired":true,"valueName":"search_term_string"}}],"inLanguage":"es"},{"@type":"Organization","@id":"https:\/\/wr.capital\/#organization","name":"Capital Wonder Rock","url":"https:\/\/wr.capital\/","logo":{"@type":"ImageObject","inLanguage":"es","@id":"https:\/\/wr.capital\/#\/schema\/logo\/image\/","url":"https:\/\/wr.capital\/wp-content\/uploads\/2025\/07\/WRcapital.png","contentUrl":"https:\/\/wr.capital\/wp-content\/uploads\/2025\/07\/WRcapital.png","width":921,"height":68,"caption":"Capital Wonder Rock"},"image":{"@id":"https:\/\/wr.capital\/#\/schema\/logo\/image\/"}}]}},"_links":{"self":[{"href":"https:\/\/wr.capital\/es\/wp-json\/wp\/v2\/pages\/262","targetHints":{"allow":["GET"]}}],"collection":[{"href":"https:\/\/wr.capital\/es\/wp-json\/wp\/v2\/pages"}],"about":[{"href":"https:\/\/wr.capital\/es\/wp-json\/wp\/v2\/types\/page"}],"author":[{"embeddable":true,"href":"https:\/\/wr.capital\/es\/wp-json\/wp\/v2\/users\/3"}],"replies":[{"embeddable":true,"href":"https:\/\/wr.capital\/es\/wp-json\/wp\/v2\/comments?post=262"}],"version-history":[{"count":1,"href":"https:\/\/wr.capital\/es\/wp-json\/wp\/v2\/pages\/262\/revisions"}],"predecessor-version":[{"id":263,"href":"https:\/\/wr.capital\/es\/wp-json\/wp\/v2\/pages\/262\/revisions\/263"}],"wp:attachment":[{"href":"https:\/\/wr.capital\/es\/wp-json\/wp\/v2\/media?parent=262"}],"curies":[{"name":"wp","href":"https:\/\/api.w.org\/{rel}","templated":true}]}}